{"id":3,"date":"2022-10-06T10:27:02","date_gmt":"2022-10-06T08:27:02","guid":{"rendered":"https:\/\/gites-ocn.com\/?page_id=3"},"modified":"2025-06-04T17:03:08","modified_gmt":"2025-06-04T15:03:08","slug":"politique-de-confidentialite","status":"publish","type":"page","link":"https:\/\/gites-ocn.com\/en\/politique-de-confidentialite\/","title":{"rendered":"Politique de confidentialit\u00e9"},"content":{"rendered":"<div data-elementor-type=\"wp-page\" data-elementor-id=\"3\" class=\"elementor elementor-3\">\n\t\t\t\t<div class=\"elementor-element elementor-element-26e6c28 e-flex e-con-boxed e-con e-parent\" data-id=\"26e6c28\" data-element_type=\"container\" data-e-type=\"container\">\n\t\t\t\t\t<div class=\"e-con-inner\">\n\t\t<div class=\"elementor-element elementor-element-ecb84c5 e-con-full e-flex e-con e-child\" data-id=\"ecb84c5\" data-element_type=\"container\" data-e-type=\"container\">\n\t\t\t\t<div class=\"elementor-element elementor-element-6e0c28b elementor-widget elementor-widget-heading\" data-id=\"6e0c28b\" data-element_type=\"widget\" data-e-type=\"widget\" data-widget_type=\"heading.default\">\n\t\t\t\t<div class=\"elementor-widget-container\">\n\t\t\t\t\t<h2 class=\"elementor-heading-title elementor-size-default\">Legal Notice and Privacy Policy<\/h2>\t\t\t\t<\/div>\n\t\t\t\t<\/div>\n\t\t\t\t<div class=\"elementor-element elementor-element-97e1810 elementor-widget elementor-widget-text-editor\" data-id=\"97e1810\" data-element_type=\"widget\" data-e-type=\"widget\" data-widget_type=\"text-editor.default\">\n\t\t\t\t<div class=\"elementor-widget-container\">\n\t\t\t\t\t\t\t\t\t<p><strong>This website is owned by EURL GITES OCN-Ol\u00e9 Chais Nous located at 734 Rue Nationale, 17190 CHERAY.<\/strong><br \/>SIRET 81822740700017; <br \/>TVA intracommunautaire FR39818227407<br \/>Identification de l&rsquo;h\u00e9bergement FR3L81YJ<\/p><p><strong>Et de Chovaux Jean-Luc 734 Rue Nationale, 17190 CHERAY.<\/strong><br \/>SIRET 818406050; <br \/>TVA intracommunautaire FR43818406050<br \/>Identification de l&rsquo;h\u00e9bergement FR7AP6JM<\/p><p><strong>The publication director of the website is Christelle CHOVAUX.<\/strong><\/p><p>Le site est h\u00e9berg\u00e9 par la soci\u00e9t\u00e9 Infomaniak Network SA<br \/>Rue Eug\u00e8ne Marziano 25<br \/>1227 Les Acacias (GE)<\/p>\t\t\t\t\t\t\t\t<\/div>\n\t\t\t\t<\/div>\n\t\t\t\t<div class=\"elementor-element elementor-element-23711c2 elementor-widget elementor-widget-text-editor\" data-id=\"23711c2\" data-element_type=\"widget\" data-e-type=\"widget\" data-widget_type=\"text-editor.default\">\n\t\t\t\t<div class=\"elementor-widget-container\">\n\t\t\t\t\t\t\t\t\t<h2><span style=\"color: #39afaf;\">1. Technical Information<\/span><\/h2>\n<p>The user of this website acknowledges having the necessary competence to access and use this site and has verified that the computer configuration used does not contain any viruses and is in perfect working order.<\/p>\n<p>The user acknowledges that this website is accessible 24 hours a day, 7 days a week, except in cases of force majeure, difficulties related to the structure of communication networks, or technical difficulties.<\/p>\n<p>For maintenance reasons, EURL OCN-Ol\u00e9 Chais Nous may interrupt the site and will endeavor to notify users in advance.<\/p>\n<p>EURL GITES OCN-Ol\u00e9 Chais Nous makes every effort to offer users information and\/or tools that are available and verified, but cannot be held responsible for errors, the unavailability of information, and\/or the presence of viruses on its site.<\/p>\n<h2><span style=\"color: #39afaf;\">2. Data Protection Law<\/span><\/h2>\n<p>The user is informed, in accordance with Article 27 of the Data Protection, Files, and Freedoms Act of January 6, 1978, that the optional information he\/she communicates by responding, if he\/she wishes, to the forms on the site allows us to respond to his\/her request and is intended for EURL GITES OCN-Ol\u00e9 Chais Nous, the data controller, for administrative and commercial management purposes. The user is informed that he\/she has the right to access and rectify all personal data concerning him\/her by writing to GITES \u00d8CN.<\/p>\n<h2><span style=\"color: #39afaf;\">3. Ownership, Copyright<\/span><\/h2>\n<p>The general structure, as well as the software, texts, know-how, and all other elements composing the site are the exclusive property of GITES \u00d8CN.<\/p>\n<p>Any total or partial representation of this site by any means whatsoever, without the express permission of GITES \u00d8CN, is prohibited and would constitute an infringement punishable by articles L.335-2 and following of the Intellectual Property Code.<\/p>\n<p>The same applies to the databases appearing on the website, which are protected by the provisions of the Intellectual Property Code transposing the European Directive of March 11, 1996 on the legal protection of databases, of which GITES \u00d8CN is the producer.<\/p>\n<p>Any user or visitor to the website may not set up a hyperlink to this site without the express and prior authorization of GITES \u00d8CN.<\/p>\n<h2><span style=\"color: #39afaf;\">4. Conditions of Use of the Promotional Email Sending Service<\/span><\/h2>\n<p>The information and personal data collected on the forms of this site are subject to computer processing allowing us to inform you of news, our commercial offers, and\/or those of our partners by email. Failure to respond to optional questions has no consequences; they only allow us to get to know you better.<\/p>\n<p>We guarantee that all means are implemented to ensure the greatest confidentiality and integrity of the data you entrust to us.<\/p>\n<p>In accordance with Law No. 78-17 of January 6, 1978, you have the right to access, rectify, and delete information about yourself.<\/p>\n<h2><span style=\"color: #39afaf;\">5. Image Rights and Photo Credits<\/span><\/h2>\n<p>The photos on the site are the property of GITES \u00d8CN.<\/p>\t\t\t\t\t\t\t\t<\/div>\n\t\t\t\t<\/div>\n\t\t\t\t<\/div>\n\t\t\t\t\t<\/div>\n\t\t\t\t<\/div>\n\t\t\t\t<\/div>","protected":false},"excerpt":{"rendered":"<p>Mentions l\u00e9gales et politique de confidentialit\u00e9 Le pr\u00e9sent site est la propri\u00e9t\u00e9 de l\u2019EURL OCN-Ol\u00e9 Chais Nous 734 Rue Nationale, 17190 CHERAY.SIRET 81822740700017; TVA intracommunautaire FR39818227407Identification de l&rsquo;h\u00e9bergement FR3L81YJ Et de Chovaux Jean-Luc 734 Rue Nationale, 17190 CHERAY.SIRET 818406050; TVA intracommunautaire FR43818406050Identification de l&rsquo;h\u00e9bergement FR7AP6JM Le directeur de la publication du site web est Christelle [&hellip;]<\/p>\n","protected":false},"author":1,"featured_media":0,"parent":0,"menu_order":0,"comment_status":"closed","ping_status":"open","template":"elementor_header_footer","meta":{"ocean_post_layout":"","ocean_both_sidebars_style":"","ocean_both_sidebars_content_width":0,"ocean_both_sidebars_sidebars_width":0,"ocean_sidebar":"","ocean_second_sidebar":"","ocean_disable_margins":"enable","ocean_add_body_class":"","ocean_shortcode_before_top_bar":"","ocean_shortcode_after_top_bar":"","ocean_shortcode_before_header":"","ocean_shortcode_after_header":"","ocean_has_shortcode":"","ocean_shortcode_after_title":"","ocean_shortcode_before_footer_widgets":"","ocean_shortcode_after_footer_widgets":"","ocean_shortcode_before_footer_bottom":"","ocean_shortcode_after_footer_bottom":"","ocean_display_top_bar":"default","ocean_display_header":"default","ocean_header_style":"","ocean_center_header_left_menu":"","ocean_custom_header_template":"","ocean_custom_logo":0,"ocean_custom_retina_logo":0,"ocean_custom_logo_max_width":0,"ocean_custom_logo_tablet_max_width":0,"ocean_custom_logo_mobile_max_width":0,"ocean_custom_logo_max_height":0,"ocean_custom_logo_tablet_max_height":0,"ocean_custom_logo_mobile_max_height":0,"ocean_header_custom_menu":"","ocean_menu_typo_font_family":"","ocean_menu_typo_font_subset":"","ocean_menu_typo_font_size":0,"ocean_menu_typo_font_size_tablet":0,"ocean_menu_typo_font_size_mobile":0,"ocean_menu_typo_font_size_unit":"px","ocean_menu_typo_font_weight":"","ocean_menu_typo_font_weight_tablet":"","ocean_menu_typo_font_weight_mobile":"","ocean_menu_typo_transform":"","ocean_menu_typo_transform_tablet":"","ocean_menu_typo_transform_mobile":"","ocean_menu_typo_line_height":0,"ocean_menu_typo_line_height_tablet":0,"ocean_menu_typo_line_height_mobile":0,"ocean_menu_typo_line_height_unit":"","ocean_menu_typo_spacing":0,"ocean_menu_typo_spacing_tablet":0,"ocean_menu_typo_spacing_mobile":0,"ocean_menu_typo_spacing_unit":"","ocean_menu_link_color":"","ocean_menu_link_color_hover":"","ocean_menu_link_color_active":"","ocean_menu_link_background":"","ocean_menu_link_hover_background":"","ocean_menu_link_active_background":"","ocean_menu_social_links_bg":"","ocean_menu_social_hover_links_bg":"","ocean_menu_social_links_color":"","ocean_menu_social_hover_links_color":"","ocean_disable_title":"default","ocean_disable_heading":"default","ocean_post_title":"","ocean_post_subheading":"","ocean_post_title_style":"","ocean_post_title_background_color":"","ocean_post_title_background":0,"ocean_post_title_bg_image_position":"","ocean_post_title_bg_image_attachment":"","ocean_post_title_bg_image_repeat":"","ocean_post_title_bg_image_size":"","ocean_post_title_height":0,"ocean_post_title_bg_overlay":0.5,"ocean_post_title_bg_overlay_color":"","ocean_disable_breadcrumbs":"default","ocean_breadcrumbs_color":"","ocean_breadcrumbs_separator_color":"","ocean_breadcrumbs_links_color":"","ocean_breadcrumbs_links_hover_color":"","ocean_display_footer_widgets":"default","ocean_display_footer_bottom":"default","ocean_custom_footer_template":"","footnotes":""},"class_list":["post-3","page","type-page","status-publish","hentry","entry"],"yoast_head":"<!-- This site is optimized with the Yoast SEO plugin v27.4 - https:\/\/yoast.com\/product\/yoast-seo-wordpress\/ -->\n<title>Politique de confidentialit\u00e9 - G\u00eetes \u00d8CN Ol\u00e9ron<\/title>\n<meta name=\"robots\" content=\"index, follow, max-snippet:-1, max-image-preview:large, max-video-preview:-1\" \/>\n<link rel=\"canonical\" href=\"https:\/\/gites-ocn.com\/en\/politique-de-confidentialite\/\" \/>\n<meta property=\"og:locale\" content=\"en_US\" \/>\n<meta property=\"og:type\" content=\"article\" \/>\n<meta property=\"og:title\" content=\"Politique de confidentialit\u00e9 - G\u00eetes \u00d8CN Ol\u00e9ron\" \/>\n<meta property=\"og:description\" content=\"Mentions l\u00e9gales et politique de confidentialit\u00e9 Le pr\u00e9sent site est la propri\u00e9t\u00e9 de l\u2019EURL OCN-Ol\u00e9 Chais Nous 734 Rue Nationale, 17190 CHERAY.SIRET 81822740700017; TVA intracommunautaire FR39818227407Identification de l&rsquo;h\u00e9bergement FR3L81YJ Et de Chovaux Jean-Luc 734 Rue Nationale, 17190 CHERAY.SIRET 818406050; TVA intracommunautaire FR43818406050Identification de l&rsquo;h\u00e9bergement FR7AP6JM Le directeur de la publication du site web est Christelle [&hellip;]\" \/>\n<meta property=\"og:url\" content=\"https:\/\/gites-ocn.com\/en\/politique-de-confidentialite\/\" \/>\n<meta property=\"og:site_name\" content=\"G\u00eetes \u00d8CN Ol\u00e9ron\" \/>\n<meta property=\"article:modified_time\" content=\"2025-06-04T15:03:08+00:00\" \/>\n<meta name=\"twitter:card\" content=\"summary_large_image\" \/>\n<meta name=\"twitter:label1\" content=\"Est. reading time\" \/>\n\t<meta name=\"twitter:data1\" content=\"3 minutes\" \/>\n<script type=\"application\/ld+json\" class=\"yoast-schema-graph\">{\"@context\":\"https:\\\/\\\/schema.org\",\"@graph\":[{\"@type\":\"WebPage\",\"@id\":\"https:\\\/\\\/gites-ocn.com\\\/politique-de-confidentialite\\\/\",\"url\":\"https:\\\/\\\/gites-ocn.com\\\/politique-de-confidentialite\\\/\",\"name\":\"Politique de confidentialit\u00e9 - G\u00eetes \u00d8CN Ol\u00e9ron\",\"isPartOf\":{\"@id\":\"https:\\\/\\\/gites-ocn.com\\\/#website\"},\"datePublished\":\"2022-10-06T08:27:02+00:00\",\"dateModified\":\"2025-06-04T15:03:08+00:00\",\"breadcrumb\":{\"@id\":\"https:\\\/\\\/gites-ocn.com\\\/politique-de-confidentialite\\\/#breadcrumb\"},\"inLanguage\":\"en-US\",\"potentialAction\":[{\"@type\":\"ReadAction\",\"target\":[\"https:\\\/\\\/gites-ocn.com\\\/politique-de-confidentialite\\\/\"]}]},{\"@type\":\"BreadcrumbList\",\"@id\":\"https:\\\/\\\/gites-ocn.com\\\/politique-de-confidentialite\\\/#breadcrumb\",\"itemListElement\":[{\"@type\":\"ListItem\",\"position\":1,\"name\":\"Accueil\",\"item\":\"https:\\\/\\\/gites-ocn.com\\\/\"},{\"@type\":\"ListItem\",\"position\":2,\"name\":\"Politique de confidentialit\u00e9\"}]},{\"@type\":\"WebSite\",\"@id\":\"https:\\\/\\\/gites-ocn.com\\\/#website\",\"url\":\"https:\\\/\\\/gites-ocn.com\\\/\",\"name\":\"G\u00eetes \u00d8CN Ol\u00e9ron\",\"description\":\"Gites &amp; Chambres Modulables sur l&#039;\u00eele d&#039;Ol\u00e9ron\",\"publisher\":{\"@id\":\"https:\\\/\\\/gites-ocn.com\\\/#organization\"},\"potentialAction\":[{\"@type\":\"SearchAction\",\"target\":{\"@type\":\"EntryPoint\",\"urlTemplate\":\"https:\\\/\\\/gites-ocn.com\\\/?s={search_term_string}\"},\"query-input\":{\"@type\":\"PropertyValueSpecification\",\"valueRequired\":true,\"valueName\":\"search_term_string\"}}],\"inLanguage\":\"en-US\"},{\"@type\":\"Organization\",\"@id\":\"https:\\\/\\\/gites-ocn.com\\\/#organization\",\"name\":\"G\u00eetes \u00d8CN Ol\u00e9ron\",\"url\":\"https:\\\/\\\/gites-ocn.com\\\/\",\"logo\":{\"@type\":\"ImageObject\",\"inLanguage\":\"en-US\",\"@id\":\"https:\\\/\\\/gites-ocn.com\\\/#\\\/schema\\\/logo\\\/image\\\/\",\"url\":\"https:\\\/\\\/gites-ocn.com\\\/wp-content\\\/uploads\\\/2024\\\/02\\\/Logo-OCN-3-etoiles_3.png\",\"contentUrl\":\"https:\\\/\\\/gites-ocn.com\\\/wp-content\\\/uploads\\\/2024\\\/02\\\/Logo-OCN-3-etoiles_3.png\",\"width\":150,\"height\":80,\"caption\":\"G\u00eetes \u00d8CN Ol\u00e9ron\"},\"image\":{\"@id\":\"https:\\\/\\\/gites-ocn.com\\\/#\\\/schema\\\/logo\\\/image\\\/\"}}]}<\/script>\n<!-- \/ Yoast SEO plugin. -->","yoast_head_json":{"title":"Politique de confidentialit\u00e9 - G\u00eetes \u00d8CN Ol\u00e9ron","robots":{"index":"index","follow":"follow","max-snippet":"max-snippet:-1","max-image-preview":"max-image-preview:large","max-video-preview":"max-video-preview:-1"},"canonical":"https:\/\/gites-ocn.com\/en\/politique-de-confidentialite\/","og_locale":"en_US","og_type":"article","og_title":"Politique de confidentialit\u00e9 - G\u00eetes \u00d8CN Ol\u00e9ron","og_description":"Mentions l\u00e9gales et politique de confidentialit\u00e9 Le pr\u00e9sent site est la propri\u00e9t\u00e9 de l\u2019EURL OCN-Ol\u00e9 Chais Nous 734 Rue Nationale, 17190 CHERAY.SIRET 81822740700017; TVA intracommunautaire FR39818227407Identification de l&rsquo;h\u00e9bergement FR3L81YJ Et de Chovaux Jean-Luc 734 Rue Nationale, 17190 CHERAY.SIRET 818406050; TVA intracommunautaire FR43818406050Identification de l&rsquo;h\u00e9bergement FR7AP6JM Le directeur de la publication du site web est Christelle [&hellip;]","og_url":"https:\/\/gites-ocn.com\/en\/politique-de-confidentialite\/","og_site_name":"G\u00eetes \u00d8CN Ol\u00e9ron","article_modified_time":"2025-06-04T15:03:08+00:00","twitter_card":"summary_large_image","twitter_misc":{"Est. reading time":"3 minutes"},"schema":{"@context":"https:\/\/schema.org","@graph":[{"@type":"WebPage","@id":"https:\/\/gites-ocn.com\/politique-de-confidentialite\/","url":"https:\/\/gites-ocn.com\/politique-de-confidentialite\/","name":"Politique de confidentialit\u00e9 - G\u00eetes \u00d8CN Ol\u00e9ron","isPartOf":{"@id":"https:\/\/gites-ocn.com\/#website"},"datePublished":"2022-10-06T08:27:02+00:00","dateModified":"2025-06-04T15:03:08+00:00","breadcrumb":{"@id":"https:\/\/gites-ocn.com\/politique-de-confidentialite\/#breadcrumb"},"inLanguage":"en-US","potentialAction":[{"@type":"ReadAction","target":["https:\/\/gites-ocn.com\/politique-de-confidentialite\/"]}]},{"@type":"BreadcrumbList","@id":"https:\/\/gites-ocn.com\/politique-de-confidentialite\/#breadcrumb","itemListElement":[{"@type":"ListItem","position":1,"name":"Accueil","item":"https:\/\/gites-ocn.com\/"},{"@type":"ListItem","position":2,"name":"Politique de confidentialit\u00e9"}]},{"@type":"WebSite","@id":"https:\/\/gites-ocn.com\/#website","url":"https:\/\/gites-ocn.com\/","name":"G\u00eetes \u00d8CN Ol\u00e9ron","description":"Gites &amp; Chambres Modulables sur l&#039;\u00eele d&#039;Ol\u00e9ron","publisher":{"@id":"https:\/\/gites-ocn.com\/#organization"},"potentialAction":[{"@type":"SearchAction","target":{"@type":"EntryPoint","urlTemplate":"https:\/\/gites-ocn.com\/?s={search_term_string}"},"query-input":{"@type":"PropertyValueSpecification","valueRequired":true,"valueName":"search_term_string"}}],"inLanguage":"en-US"},{"@type":"Organization","@id":"https:\/\/gites-ocn.com\/#organization","name":"G\u00eetes \u00d8CN Ol\u00e9ron","url":"https:\/\/gites-ocn.com\/","logo":{"@type":"ImageObject","inLanguage":"en-US","@id":"https:\/\/gites-ocn.com\/#\/schema\/logo\/image\/","url":"https:\/\/gites-ocn.com\/wp-content\/uploads\/2024\/02\/Logo-OCN-3-etoiles_3.png","contentUrl":"https:\/\/gites-ocn.com\/wp-content\/uploads\/2024\/02\/Logo-OCN-3-etoiles_3.png","width":150,"height":80,"caption":"G\u00eetes \u00d8CN Ol\u00e9ron"},"image":{"@id":"https:\/\/gites-ocn.com\/#\/schema\/logo\/image\/"}}]}},"_links":{"self":[{"href":"https:\/\/gites-ocn.com\/en\/wp-json\/wp\/v2\/pages\/3","targetHints":{"allow":["GET"]}}],"collection":[{"href":"https:\/\/gites-ocn.com\/en\/wp-json\/wp\/v2\/pages"}],"about":[{"href":"https:\/\/gites-ocn.com\/en\/wp-json\/wp\/v2\/types\/page"}],"author":[{"embeddable":true,"href":"https:\/\/gites-ocn.com\/en\/wp-json\/wp\/v2\/users\/1"}],"replies":[{"embeddable":true,"href":"https:\/\/gites-ocn.com\/en\/wp-json\/wp\/v2\/comments?post=3"}],"version-history":[{"count":3,"href":"https:\/\/gites-ocn.com\/en\/wp-json\/wp\/v2\/pages\/3\/revisions"}],"predecessor-version":[{"id":1425,"href":"https:\/\/gites-ocn.com\/en\/wp-json\/wp\/v2\/pages\/3\/revisions\/1425"}],"wp:attachment":[{"href":"https:\/\/gites-ocn.com\/en\/wp-json\/wp\/v2\/media?parent=3"}],"curies":[{"name":"wp","href":"https:\/\/api.w.org\/{rel}","templated":true}]}}